{"id":22,"date":"2021-09-13T06:55:49","date_gmt":"2021-09-13T06:55:49","guid":{"rendered":"https:\/\/zakra-agency.sites.qsandbox.com\/?page_id=22"},"modified":"2021-09-15T09:08:07","modified_gmt":"2021-09-15T09:08:07","slug":"chi-siamo","status":"publish","type":"page","link":"https:\/\/identitastudiotech.uplinkcrm.it\/index.php\/chi-siamo\/","title":{"rendered":"Chi Siamo"},"content":{"rendered":"\t\t<div data-elementor-type=\"wp-page\" data-elementor-id=\"22\" class=\"elementor elementor-22\" data-elementor-settings=\"[]\">\n\t\t\t\t\t\t\t<div class=\"elementor-section-wrap\">\n\t\t\t\t\t\t\t<section class=\"elementor-section elementor-top-section elementor-element elementor-element-28e38cd elementor-section-boxed elementor-section-height-default elementor-section-height-default\" data-id=\"28e38cd\" data-element_type=\"section\">\n\t\t\t\t\t\t<div class=\"elementor-container elementor-column-gap-default\">\n\t\t\t\t\t<div class=\"elementor-column elementor-col-100 elementor-top-column elementor-element elementor-element-86d40b4\" data-id=\"86d40b4\" data-element_type=\"column\">\n\t\t\t<div class=\"elementor-widget-wrap elementor-element-populated\">\n\t\t\t\t\t\t\t\t<div class=\"elementor-element elementor-element-8126cec elementor-widget elementor-widget-spacer\" data-id=\"8126cec\" data-element_type=\"widget\" data-widget_type=\"spacer.default\">\n\t\t\t\t<div class=\"elementor-widget-container\">\n\t\t\t\t\t<div class=\"elementor-spacer\">\n\t\t\t<div class=\"elementor-spacer-inner\"><\/div>\n\t\t<\/div>\n\t\t\t\t<\/div>\n\t\t\t\t<\/div>\n\t\t\t\t<div class=\"elementor-element elementor-element-a949240 elementor-widget elementor-widget-heading\" data-id=\"a949240\" data-element_type=\"widget\" data-widget_type=\"heading.default\">\n\t\t\t\t<div class=\"elementor-widget-container\">\n\t\t\t<h2 class=\"elementor-heading-title elementor-size-default\"><h3 data-elementor-setting-key=\"title\" data-pen-placeholder=\"Digita qui...\" style=\"font-size: 37px; font-style: normal; font-weight: 300; color: rgb(17, 17, 17); line-height: 1.5em; font-family: Rubik, sans-serif;\">Professionalit\u00e0 su misura<\/h3><\/h2>\t\t<\/div>\n\t\t\t\t<\/div>\n\t\t\t\t<div class=\"elementor-element elementor-element-dcc45d7 elementor-widget elementor-widget-spacer\" data-id=\"dcc45d7\" data-element_type=\"widget\" data-widget_type=\"spacer.default\">\n\t\t\t\t<div class=\"elementor-widget-container\">\n\t\t\t\t\t<div class=\"elementor-spacer\">\n\t\t\t<div class=\"elementor-spacer-inner\"><\/div>\n\t\t<\/div>\n\t\t\t\t<\/div>\n\t\t\t\t<\/div>\n\t\t\t\t<div class=\"elementor-element elementor-element-1d9a4bf elementor-widget elementor-widget-text-editor\" data-id=\"1d9a4bf\" data-element_type=\"widget\" data-widget_type=\"text-editor.default\">\n\t\t\t\t<div class=\"elementor-widget-container\">\n\t\t\t\t\t\t\t<p>Identit\u00e0 Studio S.r.l. \u00e8 uno studio odontoiatrico con sede a Sesto Fiorentino che opera in tutto il territorio fiorentino.<\/p><p>Lo studio \u00e8 formato da un team di professionisti che lavorano con dedizione, trasparenza e nel pieno rispetto delle esigenze di ogni singolo paziente.<\/p><p>Grazie a una continua attenzione all&#8217;innovazione e alla tecnologica, il nostro studio e le sale chirurgiche sono attrezzate con strumenti odontoiatrici di ultima generazione che consentono di effettuare ogni singolo intervento con precisione e sicurezza.<\/p><p>Ogni particolare del nostro studio dentistico di Sesto Fiorentino \u00e8 studiato per offrire efficienza ai nostri pazienti, rendendo la visita dentistica un momento in cui l&#8217;accoglienza e il comfort sono elementi prioritari.\u00a0<\/p>\t\t\t\t\t\t<\/div>\n\t\t\t\t<\/div>\n\t\t\t\t\t<\/div>\n\t\t<\/div>\n\t\t\t\t\t\t\t<\/div>\n\t\t<\/section>\n\t\t\t\t<section class=\"elementor-section elementor-top-section elementor-element elementor-element-2dbbfee elementor-section-boxed elementor-section-height-default elementor-section-height-default\" data-id=\"2dbbfee\" data-element_type=\"section\">\n\t\t\t\t\t\t<div class=\"elementor-container elementor-column-gap-default\">\n\t\t\t\t\t<div class=\"elementor-column elementor-col-100 elementor-top-column elementor-element elementor-element-9461389\" data-id=\"9461389\" data-element_type=\"column\">\n\t\t\t<div class=\"elementor-widget-wrap elementor-element-populated\">\n\t\t\t\t\t\t\t\t<div class=\"elementor-element elementor-element-f732d29 elementor-widget elementor-widget-image\" data-id=\"f732d29\" data-element_type=\"widget\" data-widget_type=\"image.default\">\n\t\t\t\t<div class=\"elementor-widget-container\">\n\t\t\t\t\t\t\t\t\t\t\t\t\t\t\t<img loading=\"lazy\" decoding=\"async\" width=\"812\" height=\"624\" src=\"https:\/\/identitastudiotech.uplinkcrm.it\/wp-content\/uploads\/2021\/09\/chisiamo-1024x787.png\" class=\"attachment-large size-large\" alt=\"\" srcset=\"https:\/\/identitastudiotech.uplinkcrm.it\/wp-content\/uploads\/2021\/09\/chisiamo-1024x787.png 1024w, https:\/\/identitastudiotech.uplinkcrm.it\/wp-content\/uploads\/2021\/09\/chisiamo-300x231.png 300w, https:\/\/identitastudiotech.uplinkcrm.it\/wp-content\/uploads\/2021\/09\/chisiamo-768x591.png 768w, https:\/\/identitastudiotech.uplinkcrm.it\/wp-content\/uploads\/2021\/09\/chisiamo-1536x1181.png 1536w, https:\/\/identitastudiotech.uplinkcrm.it\/wp-content\/uploads\/2021\/09\/chisiamo-600x461.png 600w, https:\/\/identitastudiotech.uplinkcrm.it\/wp-content\/uploads\/2021\/09\/chisiamo.png 2000w\" sizes=\"auto, (max-width: 812px) 100vw, 812px\" \/>\t\t\t\t\t\t\t\t\t\t\t\t\t\t\t<\/div>\n\t\t\t\t<\/div>\n\t\t\t\t\t<\/div>\n\t\t<\/div>\n\t\t\t\t\t\t\t<\/div>\n\t\t<\/section>\n\t\t\t\t\t\t<\/div>\n\t\t\t\t\t<\/div>\n\t\t","protected":false},"excerpt":{"rendered":"<p>Professionalit\u00e0 su misura Identit\u00e0 Studio S.r.l. \u00e8 uno studio odontoiatrico con sede a Sesto Fiorentino che opera in tutto il territorio fiorentino. Lo studio \u00e8 formato da un team di professionisti che lavorano con dedizione, trasparenza e nel pieno rispetto delle esigenze di ogni singolo paziente. Grazie a una continua attenzione all&#8217;innovazione e alla tecnologica, [&hellip;]<\/p>\n","protected":false},"author":1,"featured_media":0,"parent":0,"menu_order":0,"comment_status":"closed","ping_status":"closed","template":"page-templates\/pagebuilder.php","meta":{"footnotes":""},"class_list":["post-22","page","type-page","status-publish","hentry"],"_links":{"self":[{"href":"https:\/\/identitastudiotech.uplinkcrm.it\/index.php\/wp-json\/wp\/v2\/pages\/22","targetHints":{"allow":["GET"]}}],"collection":[{"href":"https:\/\/identitastudiotech.uplinkcrm.it\/index.php\/wp-json\/wp\/v2\/pages"}],"about":[{"href":"https:\/\/identitastudiotech.uplinkcrm.it\/index.php\/wp-json\/wp\/v2\/types\/page"}],"author":[{"embeddable":true,"href":"https:\/\/identitastudiotech.uplinkcrm.it\/index.php\/wp-json\/wp\/v2\/users\/1"}],"replies":[{"embeddable":true,"href":"https:\/\/identitastudiotech.uplinkcrm.it\/index.php\/wp-json\/wp\/v2\/comments?post=22"}],"version-history":[{"count":13,"href":"https:\/\/identitastudiotech.uplinkcrm.it\/index.php\/wp-json\/wp\/v2\/pages\/22\/revisions"}],"predecessor-version":[{"id":1005,"href":"https:\/\/identitastudiotech.uplinkcrm.it\/index.php\/wp-json\/wp\/v2\/pages\/22\/revisions\/1005"}],"wp:attachment":[{"href":"https:\/\/identitastudiotech.uplinkcrm.it\/index.php\/wp-json\/wp\/v2\/media?parent=22"}],"curies":[{"name":"wp","href":"https:\/\/api.w.org\/{rel}","templated":true}]}}